{"id":1265,"date":"2022-02-17T09:31:33","date_gmt":"2022-02-17T08:31:33","guid":{"rendered":"https:\/\/www.cave-beblenheim.com\/?page_id=1265"},"modified":"2025-01-29T12:07:02","modified_gmt":"2025-01-29T11:07:02","slug":"legal-notice","status":"publish","type":"page","link":"https:\/\/www.cave-beblenheim.com\/en\/legal-notice\/","title":{"rendered":"Legal Notice"},"content":{"rendered":"\t\t<div data-elementor-type=\"wp-page\" data-elementor-id=\"1265\" class=\"elementor elementor-1265 elementor-574\">\n\t\t\t\t\t\t<section class=\"elementor-section elementor-top-section elementor-element elementor-element-ddc223f ml elementor-section-boxed elementor-section-height-default elementor-section-height-default qodef-elementor-content-no\" data-id=\"ddc223f\" data-element_type=\"section\" data-e-type=\"section\">\n\t\t\t\t\t\t<div class=\"elementor-container elementor-column-gap-default\">\n\t\t\t\t\t<div class=\"elementor-column elementor-col-100 elementor-top-column elementor-element elementor-element-81b7ea6\" data-id=\"81b7ea6\" data-element_type=\"column\" data-e-type=\"column\">\n\t\t\t<div class=\"elementor-widget-wrap elementor-element-populated\">\n\t\t\t\t\t\t<div class=\"elementor-element elementor-element-51f4579 elementor-widget elementor-widget-heading\" data-id=\"51f4579\" data-element_type=\"widget\" data-e-type=\"widget\" data-widget_type=\"heading.default\">\n\t\t\t\t<div class=\"elementor-widget-container\">\n\t\t\t\t\t<h1 class=\"elementor-heading-title elementor-size-default\">Legal Notice<\/h1>\t\t\t\t<\/div>\n\t\t\t\t<\/div>\n\t\t\t\t<div class=\"elementor-element elementor-element-06dfc70 elementor-widget elementor-widget-text-editor\" data-id=\"06dfc70\" data-element_type=\"widget\" data-e-type=\"widget\" data-widget_type=\"text-editor.default\">\n\t\t\t\t<div class=\"elementor-widget-container\">\n\t\t\t\t\t\t\t\t\t<p>You are currently linked to the official website of the Cave Coop\u00e9rative Vinicole de Beblenheim. This site exists to make information on its activities freely available to the public, and to permit on-line purchase of the wines produced by the Beblenheim Winery. The use of this site is subject to currently-applicable legislation and to the following conditions of use:<br \/>Online since october 2006, CAVE DE BEBLENHEIM.<\/p><p>All rights reserved.<\/p><p>This site is the property of:<\/p>\t\t\t\t\t\t\t\t<\/div>\n\t\t\t\t<\/div>\n\t\t\t\t<div class=\"elementor-element elementor-element-5a2afa2 elementor-widget elementor-widget-toggle\" data-id=\"5a2afa2\" data-element_type=\"widget\" data-e-type=\"widget\" data-widget_type=\"toggle.default\">\n\t\t\t\t<div class=\"elementor-widget-container\">\n\t\t\t\t\t\t\t<div class=\"elementor-toggle\">\n\t\t\t\t\t\t\t<div class=\"elementor-toggle-item\">\n\t\t\t\t\t<div id=\"elementor-tab-title-9451\" class=\"elementor-tab-title\" data-tab=\"1\" role=\"button\" aria-controls=\"elementor-tab-content-9451\" aria-expanded=\"false\">\n\t\t\t\t\t\t\t\t\t\t\t\t<span class=\"elementor-toggle-icon elementor-toggle-icon-left\" aria-hidden=\"true\">\n\t\t\t\t\t\t\t\t\t\t\t\t\t\t\t<span class=\"elementor-toggle-icon-closed\"><i class=\"fas fa-caret-right\"><\/i><\/span>\n\t\t\t\t\t\t\t\t<span class=\"elementor-toggle-icon-opened\"><i class=\"elementor-toggle-icon-opened fas fa-caret-up\"><\/i><\/span>\n\t\t\t\t\t\t\t\t\t\t\t\t\t<\/span>\n\t\t\t\t\t\t\t\t\t\t\t\t<a class=\"elementor-toggle-title\" tabindex=\"0\">CAVE VINICOLE DE BEBLENHEIM<\/a>\n\t\t\t\t\t<\/div>\n\n\t\t\t\t\t<div id=\"elementor-tab-content-9451\" class=\"elementor-tab-content elementor-clearfix\" data-tab=\"1\" role=\"region\" aria-labelledby=\"elementor-tab-title-9451\"><p>14 Rue de Hoen<br \/>68980 Beblenheim<br \/>France (Alsace)<\/p><p>T\u00e9l : <a>00 33 (0)3 89 47 90 02<\/a><\/p><p>Fax : 00 33 (0)3 89 47 86 85<\/p><p>E-mail : <a href=\"mailto:info@cave-beblenheim.com\">info@cave-beblenheim.com<\/a><\/p><p>N\u00b0 SIRET : 778 887 208 00016<\/p><p>N\u00b0 TVA Intracom. : FR21778887208<\/p><p>Soci\u00e9t\u00e9 \u00e0 capital variable : 163 788\u20ac AU 31\/12\/2018<br \/>D\u00e9claration CNIL n\u00b0 1191794<\/p><p>Directeur de la publication : M. Philippe WIEDERHIN, Directeur<br \/>Responsable de la r\u00e9daction : M. Philippe WIEDERHIN, Directeur<\/p><\/div>\n\t\t\t\t<\/div>\n\t\t\t\t\t\t\t<div class=\"elementor-toggle-item\">\n\t\t\t\t\t<div id=\"elementor-tab-title-9452\" class=\"elementor-tab-title\" data-tab=\"2\" role=\"button\" aria-controls=\"elementor-tab-content-9452\" aria-expanded=\"false\">\n\t\t\t\t\t\t\t\t\t\t\t\t<span class=\"elementor-toggle-icon elementor-toggle-icon-left\" aria-hidden=\"true\">\n\t\t\t\t\t\t\t\t\t\t\t\t\t\t\t<span class=\"elementor-toggle-icon-closed\"><i class=\"fas fa-caret-right\"><\/i><\/span>\n\t\t\t\t\t\t\t\t<span class=\"elementor-toggle-icon-opened\"><i class=\"elementor-toggle-icon-opened fas fa-caret-up\"><\/i><\/span>\n\t\t\t\t\t\t\t\t\t\t\t\t\t<\/span>\n\t\t\t\t\t\t\t\t\t\t\t\t<a class=\"elementor-toggle-title\" tabindex=\"0\">Personal details<\/a>\n\t\t\t\t\t<\/div>\n\n\t\t\t\t\t<div id=\"elementor-tab-content-9452\" class=\"elementor-tab-content elementor-clearfix\" data-tab=\"2\" role=\"region\" aria-labelledby=\"elementor-tab-title-9452\"><p>CAVE-BEBLENHEIM.COM will not reveal your personal details to third persons. These details are confidential. They will be used only for dealing with your order, and to strengthen or personnalise our communication and our offer, especially to yourself, in particular by means of newsletters to which you may have subscribed. Under the terms of the Informatique et Libert\u00e9s law of 6 January 1978, you have right of access, rectification and opposition to all personal information concerning you. For any request, contact us: Email:\u00a0<a class=\"liens\" href=\"http:\/\/www.cave-beblenheim.com\/index.php?page=contact\">info@cave-beblenheim.com<\/a><br \/>In order to improve our personalised service, CAVE-BEBLENHEIM.COM may occasionally use cookies. These cookies are used to identify you and to record your visit to our site. You can refuse cookies by configuring your computer according to the instructions given on the site <a href=\"https:\/\/www.cnil.fr.\">https:\/\/www.cnil.fr.<\/a><\/p><\/div>\n\t\t\t\t<\/div>\n\t\t\t\t\t\t\t<div class=\"elementor-toggle-item\">\n\t\t\t\t\t<div id=\"elementor-tab-title-9453\" class=\"elementor-tab-title\" data-tab=\"3\" role=\"button\" aria-controls=\"elementor-tab-content-9453\" aria-expanded=\"false\">\n\t\t\t\t\t\t\t\t\t\t\t\t<span class=\"elementor-toggle-icon elementor-toggle-icon-left\" aria-hidden=\"true\">\n\t\t\t\t\t\t\t\t\t\t\t\t\t\t\t<span class=\"elementor-toggle-icon-closed\"><i class=\"fas fa-caret-right\"><\/i><\/span>\n\t\t\t\t\t\t\t\t<span class=\"elementor-toggle-icon-opened\"><i class=\"elementor-toggle-icon-opened fas fa-caret-up\"><\/i><\/span>\n\t\t\t\t\t\t\t\t\t\t\t\t\t<\/span>\n\t\t\t\t\t\t\t\t\t\t\t\t<a class=\"elementor-toggle-title\" tabindex=\"0\">Links to other sites<\/a>\n\t\t\t\t\t<\/div>\n\n\t\t\t\t\t<div id=\"elementor-tab-content-9453\" class=\"elementor-tab-content elementor-clearfix\" data-tab=\"3\" role=\"region\" aria-labelledby=\"elementor-tab-title-9453\"><p>The sites suggested via links on the Beblenheim Winery site are created by companies or persons over which the Beblenheim Winery has no authority. Consequently, these sites may deposit their own cookies on the computers of persons visiting the Beblenheim Winery site and collecting (or requesting) personal information. The Beblenheim Winery company can in no way be held responsible for the content of these sites, nor for the use made of them by the users.<\/p><\/div>\n\t\t\t\t<\/div>\n\t\t\t\t\t\t\t<div class=\"elementor-toggle-item\">\n\t\t\t\t\t<div id=\"elementor-tab-title-9454\" class=\"elementor-tab-title\" data-tab=\"4\" role=\"button\" aria-controls=\"elementor-tab-content-9454\" aria-expanded=\"false\">\n\t\t\t\t\t\t\t\t\t\t\t\t<span class=\"elementor-toggle-icon elementor-toggle-icon-left\" aria-hidden=\"true\">\n\t\t\t\t\t\t\t\t\t\t\t\t\t\t\t<span class=\"elementor-toggle-icon-closed\"><i class=\"fas fa-caret-right\"><\/i><\/span>\n\t\t\t\t\t\t\t\t<span class=\"elementor-toggle-icon-opened\"><i class=\"elementor-toggle-icon-opened fas fa-caret-up\"><\/i><\/span>\n\t\t\t\t\t\t\t\t\t\t\t\t\t<\/span>\n\t\t\t\t\t\t\t\t\t\t\t\t<a class=\"elementor-toggle-title\" tabindex=\"0\">Malfunctions and viruses<\/a>\n\t\t\t\t\t<\/div>\n\n\t\t\t\t\t<div id=\"elementor-tab-content-9454\" class=\"elementor-tab-content elementor-clearfix\" data-tab=\"4\" role=\"region\" aria-labelledby=\"elementor-tab-title-9454\"><p>The Beblenheim Winery can in no way be held responsible for direct or indirect damage, loss or costs incurred by the use of this website, nor for the impossibility for a third person to use it, nor for any malfunction, interruption, virus, or problem with the line or system.<\/p><\/div>\n\t\t\t\t<\/div>\n\t\t\t\t\t\t\t<div class=\"elementor-toggle-item\">\n\t\t\t\t\t<div id=\"elementor-tab-title-9455\" class=\"elementor-tab-title\" data-tab=\"5\" role=\"button\" aria-controls=\"elementor-tab-content-9455\" aria-expanded=\"false\">\n\t\t\t\t\t\t\t\t\t\t\t\t<span class=\"elementor-toggle-icon elementor-toggle-icon-left\" aria-hidden=\"true\">\n\t\t\t\t\t\t\t\t\t\t\t\t\t\t\t<span class=\"elementor-toggle-icon-closed\"><i class=\"fas fa-caret-right\"><\/i><\/span>\n\t\t\t\t\t\t\t\t<span class=\"elementor-toggle-icon-opened\"><i class=\"elementor-toggle-icon-opened fas fa-caret-up\"><\/i><\/span>\n\t\t\t\t\t\t\t\t\t\t\t\t\t<\/span>\n\t\t\t\t\t\t\t\t\t\t\t\t<a class=\"elementor-toggle-title\" tabindex=\"0\">Intellectual property<\/a>\n\t\t\t\t\t<\/div>\n\n\t\t\t\t\t<div id=\"elementor-tab-content-9455\" class=\"elementor-tab-content elementor-clearfix\" data-tab=\"5\" role=\"region\" aria-labelledby=\"elementor-tab-title-9455\"><p>Access to our site gives the user private and non-exclusive right of use. All elements published on this site, including texts, photographs, computer graphics, logos, trademarks, etc., constitute \u2018works\u2019 according to the terms of the Code de la Propri\u00e9t\u00e9 Intellectuelle. Consequently, any representation or reproduction, complete or in part, without the consent of their authors or their beneficiaries, is illicit and will result in legal action.<\/p><\/div>\n\t\t\t\t<\/div>\n\t\t\t\t\t\t\t<div class=\"elementor-toggle-item\">\n\t\t\t\t\t<div id=\"elementor-tab-title-9456\" class=\"elementor-tab-title\" data-tab=\"6\" role=\"button\" aria-controls=\"elementor-tab-content-9456\" aria-expanded=\"false\">\n\t\t\t\t\t\t\t\t\t\t\t\t<span class=\"elementor-toggle-icon elementor-toggle-icon-left\" aria-hidden=\"true\">\n\t\t\t\t\t\t\t\t\t\t\t\t\t\t\t<span class=\"elementor-toggle-icon-closed\"><i class=\"fas fa-caret-right\"><\/i><\/span>\n\t\t\t\t\t\t\t\t<span class=\"elementor-toggle-icon-opened\"><i class=\"elementor-toggle-icon-opened fas fa-caret-up\"><\/i><\/span>\n\t\t\t\t\t\t\t\t\t\t\t\t\t<\/span>\n\t\t\t\t\t\t\t\t\t\t\t\t<a class=\"elementor-toggle-title\" tabindex=\"0\">R\u00e9alisation & h\u00e9bergement<\/a>\n\t\t\t\t\t<\/div>\n\n\t\t\t\t\t<div id=\"elementor-tab-content-9456\" class=\"elementor-tab-content elementor-clearfix\" data-tab=\"6\" role=\"region\" aria-labelledby=\"elementor-tab-title-9456\"><p>Contenu de va-et-vient<\/p><\/div>\n\t\t\t\t<\/div>\n\t\t\t\t\t\t\t\t<\/div>\n\t\t\t\t\t\t<\/div>\n\t\t\t\t<\/div>\n\t\t\t\t\t<\/div>\n\t\t<\/div>\n\t\t\t\t\t<\/div>\n\t\t<\/section>\n\t\t\t\t<\/div>\n\t\t","protected":false},"excerpt":{"rendered":"<p>Legal Notice You are currently linked to the official website of the Cave Coop\u00e9rative Vinicole de Beblenheim. This site exists to make information on its activities freely available to the public, and to permit on-line purchase of the wines produced by the Beblenheim Winery. The use of this site is subject to currently-applicable legislation and [&hellip;]<\/p>\n","protected":false},"author":1,"featured_media":0,"parent":0,"menu_order":0,"comment_status":"closed","ping_status":"closed","template":"","meta":{"_acf_changed":false,"footnotes":""},"class_list":["post-1265","page","type-page","status-publish","hentry"],"acf":[],"yoast_head":"<!-- This site is optimized with the Yoast SEO plugin v27.4 - https:\/\/yoast.com\/product\/yoast-seo-wordpress\/ -->\n<title>Legal Notice - Cave de Beblenheim<\/title>\n<meta name=\"robots\" content=\"noindex, follow\" \/>\n<meta property=\"og:locale\" content=\"en_US\" \/>\n<meta property=\"og:type\" content=\"article\" \/>\n<meta property=\"og:title\" content=\"Legal Notice - Cave de Beblenheim\" \/>\n<meta property=\"og:description\" content=\"Legal Notice You are currently linked to the official website of the Cave Coop\u00e9rative Vinicole de Beblenheim. This site exists to make information on its activities freely available to the public, and to permit on-line purchase of the wines produced by the Beblenheim Winery. The use of this site is subject to currently-applicable legislation and [&hellip;]\" \/>\n<meta property=\"og:url\" content=\"https:\/\/www.cave-beblenheim.com\/en\/legal-notice\/\" \/>\n<meta property=\"og:site_name\" content=\"Cave de Beblenheim\" \/>\n<meta property=\"article:modified_time\" content=\"2025-01-29T11:07:02+00:00\" \/>\n<meta name=\"twitter:card\" content=\"summary_large_image\" \/>\n<meta name=\"twitter:label1\" content=\"Est. reading time\" \/>\n\t<meta name=\"twitter:data1\" content=\"3 minutes\" \/>\n<script type=\"application\/ld+json\" class=\"yoast-schema-graph\">{\"@context\":\"https:\\\/\\\/schema.org\",\"@graph\":[{\"@type\":\"WebPage\",\"@id\":\"https:\\\/\\\/www.cave-beblenheim.com\\\/en\\\/legal-notice\\\/\",\"url\":\"https:\\\/\\\/www.cave-beblenheim.com\\\/en\\\/legal-notice\\\/\",\"name\":\"Legal Notice - Cave de Beblenheim\",\"isPartOf\":{\"@id\":\"https:\\\/\\\/www.cave-beblenheim.com\\\/en\\\/#website\"},\"datePublished\":\"2022-02-17T08:31:33+00:00\",\"dateModified\":\"2025-01-29T11:07:02+00:00\",\"breadcrumb\":{\"@id\":\"https:\\\/\\\/www.cave-beblenheim.com\\\/en\\\/legal-notice\\\/#breadcrumb\"},\"inLanguage\":\"en-US\",\"potentialAction\":[{\"@type\":\"ReadAction\",\"target\":[\"https:\\\/\\\/www.cave-beblenheim.com\\\/en\\\/legal-notice\\\/\"]}]},{\"@type\":\"BreadcrumbList\",\"@id\":\"https:\\\/\\\/www.cave-beblenheim.com\\\/en\\\/legal-notice\\\/#breadcrumb\",\"itemListElement\":[{\"@type\":\"ListItem\",\"position\":1,\"name\":\"Accueil\",\"item\":\"https:\\\/\\\/www.cave-beblenheim.com\\\/en\\\/\"},{\"@type\":\"ListItem\",\"position\":2,\"name\":\"Legal Notice\"}]},{\"@type\":\"WebSite\",\"@id\":\"https:\\\/\\\/www.cave-beblenheim.com\\\/en\\\/#website\",\"url\":\"https:\\\/\\\/www.cave-beblenheim.com\\\/en\\\/\",\"name\":\"Cave de Beblenheim\",\"description\":\"\",\"publisher\":{\"@id\":\"https:\\\/\\\/www.cave-beblenheim.com\\\/en\\\/#organization\"},\"potentialAction\":[{\"@type\":\"SearchAction\",\"target\":{\"@type\":\"EntryPoint\",\"urlTemplate\":\"https:\\\/\\\/www.cave-beblenheim.com\\\/en\\\/?s={search_term_string}\"},\"query-input\":{\"@type\":\"PropertyValueSpecification\",\"valueRequired\":true,\"valueName\":\"search_term_string\"}}],\"inLanguage\":\"en-US\"},{\"@type\":\"Organization\",\"@id\":\"https:\\\/\\\/www.cave-beblenheim.com\\\/en\\\/#organization\",\"name\":\"Cave de Beblenheim\",\"url\":\"https:\\\/\\\/www.cave-beblenheim.com\\\/en\\\/\",\"logo\":{\"@type\":\"ImageObject\",\"inLanguage\":\"en-US\",\"@id\":\"https:\\\/\\\/www.cave-beblenheim.com\\\/en\\\/#\\\/schema\\\/logo\\\/image\\\/\",\"url\":\"https:\\\/\\\/www.cave-beblenheim.com\\\/wp-content\\\/uploads\\\/2022\\\/06\\\/BE-Logos-MAIL-.png\",\"contentUrl\":\"https:\\\/\\\/www.cave-beblenheim.com\\\/wp-content\\\/uploads\\\/2022\\\/06\\\/BE-Logos-MAIL-.png\",\"width\":600,\"height\":300,\"caption\":\"Cave de Beblenheim\"},\"image\":{\"@id\":\"https:\\\/\\\/www.cave-beblenheim.com\\\/en\\\/#\\\/schema\\\/logo\\\/image\\\/\"}}]}<\/script>\n<!-- \/ Yoast SEO plugin. -->","yoast_head_json":{"title":"Legal Notice - Cave de Beblenheim","robots":{"index":"noindex","follow":"follow"},"og_locale":"en_US","og_type":"article","og_title":"Legal Notice - Cave de Beblenheim","og_description":"Legal Notice You are currently linked to the official website of the Cave Coop\u00e9rative Vinicole de Beblenheim. This site exists to make information on its activities freely available to the public, and to permit on-line purchase of the wines produced by the Beblenheim Winery. The use of this site is subject to currently-applicable legislation and [&hellip;]","og_url":"https:\/\/www.cave-beblenheim.com\/en\/legal-notice\/","og_site_name":"Cave de Beblenheim","article_modified_time":"2025-01-29T11:07:02+00:00","twitter_card":"summary_large_image","twitter_misc":{"Est. reading time":"3 minutes"},"schema":{"@context":"https:\/\/schema.org","@graph":[{"@type":"WebPage","@id":"https:\/\/www.cave-beblenheim.com\/en\/legal-notice\/","url":"https:\/\/www.cave-beblenheim.com\/en\/legal-notice\/","name":"Legal Notice - Cave de Beblenheim","isPartOf":{"@id":"https:\/\/www.cave-beblenheim.com\/en\/#website"},"datePublished":"2022-02-17T08:31:33+00:00","dateModified":"2025-01-29T11:07:02+00:00","breadcrumb":{"@id":"https:\/\/www.cave-beblenheim.com\/en\/legal-notice\/#breadcrumb"},"inLanguage":"en-US","potentialAction":[{"@type":"ReadAction","target":["https:\/\/www.cave-beblenheim.com\/en\/legal-notice\/"]}]},{"@type":"BreadcrumbList","@id":"https:\/\/www.cave-beblenheim.com\/en\/legal-notice\/#breadcrumb","itemListElement":[{"@type":"ListItem","position":1,"name":"Accueil","item":"https:\/\/www.cave-beblenheim.com\/en\/"},{"@type":"ListItem","position":2,"name":"Legal Notice"}]},{"@type":"WebSite","@id":"https:\/\/www.cave-beblenheim.com\/en\/#website","url":"https:\/\/www.cave-beblenheim.com\/en\/","name":"Cave de Beblenheim","description":"","publisher":{"@id":"https:\/\/www.cave-beblenheim.com\/en\/#organization"},"potentialAction":[{"@type":"SearchAction","target":{"@type":"EntryPoint","urlTemplate":"https:\/\/www.cave-beblenheim.com\/en\/?s={search_term_string}"},"query-input":{"@type":"PropertyValueSpecification","valueRequired":true,"valueName":"search_term_string"}}],"inLanguage":"en-US"},{"@type":"Organization","@id":"https:\/\/www.cave-beblenheim.com\/en\/#organization","name":"Cave de Beblenheim","url":"https:\/\/www.cave-beblenheim.com\/en\/","logo":{"@type":"ImageObject","inLanguage":"en-US","@id":"https:\/\/www.cave-beblenheim.com\/en\/#\/schema\/logo\/image\/","url":"https:\/\/www.cave-beblenheim.com\/wp-content\/uploads\/2022\/06\/BE-Logos-MAIL-.png","contentUrl":"https:\/\/www.cave-beblenheim.com\/wp-content\/uploads\/2022\/06\/BE-Logos-MAIL-.png","width":600,"height":300,"caption":"Cave de Beblenheim"},"image":{"@id":"https:\/\/www.cave-beblenheim.com\/en\/#\/schema\/logo\/image\/"}}]}},"_links":{"self":[{"href":"https:\/\/www.cave-beblenheim.com\/en\/wp-json\/wp\/v2\/pages\/1265","targetHints":{"allow":["GET"]}}],"collection":[{"href":"https:\/\/www.cave-beblenheim.com\/en\/wp-json\/wp\/v2\/pages"}],"about":[{"href":"https:\/\/www.cave-beblenheim.com\/en\/wp-json\/wp\/v2\/types\/page"}],"author":[{"embeddable":true,"href":"https:\/\/www.cave-beblenheim.com\/en\/wp-json\/wp\/v2\/users\/1"}],"replies":[{"embeddable":true,"href":"https:\/\/www.cave-beblenheim.com\/en\/wp-json\/wp\/v2\/comments?post=1265"}],"version-history":[{"count":6,"href":"https:\/\/www.cave-beblenheim.com\/en\/wp-json\/wp\/v2\/pages\/1265\/revisions"}],"predecessor-version":[{"id":11756,"href":"https:\/\/www.cave-beblenheim.com\/en\/wp-json\/wp\/v2\/pages\/1265\/revisions\/11756"}],"wp:attachment":[{"href":"https:\/\/www.cave-beblenheim.com\/en\/wp-json\/wp\/v2\/media?parent=1265"}],"curies":[{"name":"wp","href":"https:\/\/api.w.org\/{rel}","templated":true}]}}