{"id":2274,"date":"2022-03-08T14:50:04","date_gmt":"2022-03-08T13:50:04","guid":{"rendered":"https:\/\/www.cave-beblenheim.com\/?post_type=product&#038;p=2274"},"modified":"2022-06-28T17:40:41","modified_gmt":"2022-06-28T15:40:41","slug":"cremant-d-alsace-rose","status":"publish","type":"product","link":"https:\/\/www.cave-beblenheim.com\/en\/shop\/cremant-d-alsace-rose\/","title":{"rendered":"Cr\u00e9mant d\u2019Alsace Brut Ros\u00e9"},"content":{"rendered":"<p>It goes perfectly with an aperitif, but can also be served throughout a meal.<\/p>\n","protected":false},"excerpt":{"rendered":"<p>This Cr\u00e9mant comes from vines grown on stony, sandy and limestone soil and harvested by hand. The richness of the pinot noir vinified in ros\u00e9 brings aromas of red fruits on the raspberry and vinosity to the palate.<\/p>\n","protected":false},"featured_media":2612,"template":"","meta":{"_acf_changed":false},"product_brand":[],"product_cat":[69,691],"product_tag":[],"class_list":{"0":"post-2274","1":"product","2":"type-product","3":"status-publish","4":"has-post-thumbnail","6":"product_cat-cremants-en","7":"product_cat-the-essentials","9":"first","10":"instock","11":"taxable","12":"shipping-taxable","13":"purchasable","14":"product-type-simple"},"group_of_quantity":0,"min_quantity":0,"max_quantity":"","exclude_order_quantity_value_rules":"no","exclude_category_quantity_rules":"no","combine_variations":"no","acf":[],"yoast_head":"<!-- This site is optimized with the Yoast SEO plugin v27.3 - https:\/\/yoast.com\/product\/yoast-seo-wordpress\/ -->\n<title>Cr\u00e9mant d\u2019Alsace Brut Ros\u00e9  - Cave de Beblenheim<\/title>\n<meta name=\"description\" content=\"D\u00e9couvrez le Cr\u00e9mant d\u2019Alsace Brut Ros\u00e9 disponible au meilleur prix sur la boutique en ligne de la Cave de Beblenheim.\" \/>\n<meta name=\"robots\" content=\"index, follow, max-snippet:-1, max-image-preview:large, max-video-preview:-1\" \/>\n<link rel=\"canonical\" href=\"https:\/\/www.cave-beblenheim.com\/en\/shop\/cremant-d-alsace-rose\/\" \/>\n<meta property=\"og:locale\" content=\"en_US\" \/>\n<meta property=\"og:type\" content=\"article\" \/>\n<meta property=\"og:title\" content=\"Cr\u00e9mant d\u2019Alsace Brut Ros\u00e9  - Cave de Beblenheim\" \/>\n<meta property=\"og:description\" content=\"D\u00e9couvrez le Cr\u00e9mant d\u2019Alsace Brut Ros\u00e9 disponible au meilleur prix sur la boutique en ligne de la Cave de Beblenheim.\" \/>\n<meta property=\"og:url\" content=\"https:\/\/www.cave-beblenheim.com\/en\/shop\/cremant-d-alsace-rose\/\" \/>\n<meta property=\"og:site_name\" content=\"Cave de Beblenheim\" \/>\n<meta property=\"article:modified_time\" content=\"2022-06-28T15:40:41+00:00\" \/>\n<meta property=\"og:image\" content=\"https:\/\/www.cave-beblenheim.com\/wp-content\/uploads\/2022\/03\/BE-Maquette-Caveau-Cremants-Essentiels-Rose-Brut.png\" \/>\n\t<meta property=\"og:image:width\" content=\"600\" \/>\n\t<meta property=\"og:image:height\" content=\"600\" \/>\n\t<meta property=\"og:image:type\" content=\"image\/png\" \/>\n<meta name=\"twitter:card\" content=\"summary_large_image\" \/>\n<script type=\"application\/ld+json\" class=\"yoast-schema-graph\">{\"@context\":\"https:\\\/\\\/schema.org\",\"@graph\":[{\"@type\":\"WebPage\",\"@id\":\"https:\\\/\\\/www.cave-beblenheim.com\\\/en\\\/shop\\\/cremant-d-alsace-rose\\\/\",\"url\":\"https:\\\/\\\/www.cave-beblenheim.com\\\/en\\\/shop\\\/cremant-d-alsace-rose\\\/\",\"name\":\"Cr\u00e9mant d\u2019Alsace Brut Ros\u00e9 - Cave de Beblenheim\",\"isPartOf\":{\"@id\":\"https:\\\/\\\/www.cave-beblenheim.com\\\/en\\\/#website\"},\"primaryImageOfPage\":{\"@id\":\"https:\\\/\\\/www.cave-beblenheim.com\\\/en\\\/shop\\\/cremant-d-alsace-rose\\\/#primaryimage\"},\"image\":{\"@id\":\"https:\\\/\\\/www.cave-beblenheim.com\\\/en\\\/shop\\\/cremant-d-alsace-rose\\\/#primaryimage\"},\"thumbnailUrl\":\"https:\\\/\\\/www.cave-beblenheim.com\\\/wp-content\\\/uploads\\\/2022\\\/03\\\/BE-Maquette-Caveau-Cremants-Essentiels-Rose-Brut.png\",\"datePublished\":\"2022-03-08T13:50:04+00:00\",\"dateModified\":\"2022-06-28T15:40:41+00:00\",\"description\":\"D\u00e9couvrez le Cr\u00e9mant d\u2019Alsace Brut Ros\u00e9 disponible au meilleur prix sur la boutique en ligne de la Cave de Beblenheim.\",\"breadcrumb\":{\"@id\":\"https:\\\/\\\/www.cave-beblenheim.com\\\/en\\\/shop\\\/cremant-d-alsace-rose\\\/#breadcrumb\"},\"inLanguage\":\"en-US\",\"potentialAction\":[{\"@type\":\"ReadAction\",\"target\":[\"https:\\\/\\\/www.cave-beblenheim.com\\\/en\\\/shop\\\/cremant-d-alsace-rose\\\/\"]}]},{\"@type\":\"ImageObject\",\"inLanguage\":\"en-US\",\"@id\":\"https:\\\/\\\/www.cave-beblenheim.com\\\/en\\\/shop\\\/cremant-d-alsace-rose\\\/#primaryimage\",\"url\":\"https:\\\/\\\/www.cave-beblenheim.com\\\/wp-content\\\/uploads\\\/2022\\\/03\\\/BE-Maquette-Caveau-Cremants-Essentiels-Rose-Brut.png\",\"contentUrl\":\"https:\\\/\\\/www.cave-beblenheim.com\\\/wp-content\\\/uploads\\\/2022\\\/03\\\/BE-Maquette-Caveau-Cremants-Essentiels-Rose-Brut.png\",\"width\":600,\"height\":600,\"caption\":\"Cr\u00e9mant Ros\u00e9 Brut - Cave de Beblenheim\"},{\"@type\":\"BreadcrumbList\",\"@id\":\"https:\\\/\\\/www.cave-beblenheim.com\\\/en\\\/shop\\\/cremant-d-alsace-rose\\\/#breadcrumb\",\"itemListElement\":[{\"@type\":\"ListItem\",\"position\":1,\"name\":\"Accueil\",\"item\":\"https:\\\/\\\/www.cave-beblenheim.com\\\/en\\\/\"},{\"@type\":\"ListItem\",\"position\":2,\"name\":\"Shop\",\"item\":\"https:\\\/\\\/www.cave-beblenheim.com\\\/en\\\/shop\\\/\"},{\"@type\":\"ListItem\",\"position\":3,\"name\":\"Cr\u00e9mant d\u2019Alsace Brut Ros\u00e9\"}]},{\"@type\":\"WebSite\",\"@id\":\"https:\\\/\\\/www.cave-beblenheim.com\\\/en\\\/#website\",\"url\":\"https:\\\/\\\/www.cave-beblenheim.com\\\/en\\\/\",\"name\":\"Cave de Beblenheim\",\"description\":\"\",\"publisher\":{\"@id\":\"https:\\\/\\\/www.cave-beblenheim.com\\\/en\\\/#organization\"},\"potentialAction\":[{\"@type\":\"SearchAction\",\"target\":{\"@type\":\"EntryPoint\",\"urlTemplate\":\"https:\\\/\\\/www.cave-beblenheim.com\\\/en\\\/?s={search_term_string}\"},\"query-input\":{\"@type\":\"PropertyValueSpecification\",\"valueRequired\":true,\"valueName\":\"search_term_string\"}}],\"inLanguage\":\"en-US\"},{\"@type\":\"Organization\",\"@id\":\"https:\\\/\\\/www.cave-beblenheim.com\\\/en\\\/#organization\",\"name\":\"Cave de Beblenheim\",\"url\":\"https:\\\/\\\/www.cave-beblenheim.com\\\/en\\\/\",\"logo\":{\"@type\":\"ImageObject\",\"inLanguage\":\"en-US\",\"@id\":\"https:\\\/\\\/www.cave-beblenheim.com\\\/en\\\/#\\\/schema\\\/logo\\\/image\\\/\",\"url\":\"https:\\\/\\\/www.cave-beblenheim.com\\\/wp-content\\\/uploads\\\/2022\\\/06\\\/BE-Logos-MAIL-.png\",\"contentUrl\":\"https:\\\/\\\/www.cave-beblenheim.com\\\/wp-content\\\/uploads\\\/2022\\\/06\\\/BE-Logos-MAIL-.png\",\"width\":600,\"height\":300,\"caption\":\"Cave de Beblenheim\"},\"image\":{\"@id\":\"https:\\\/\\\/www.cave-beblenheim.com\\\/en\\\/#\\\/schema\\\/logo\\\/image\\\/\"}}]}<\/script>\n<!-- \/ Yoast SEO plugin. -->","yoast_head_json":{"title":"Cr\u00e9mant d\u2019Alsace Brut Ros\u00e9  - Cave de Beblenheim","description":"D\u00e9couvrez le Cr\u00e9mant d\u2019Alsace Brut Ros\u00e9 disponible au meilleur prix sur la boutique en ligne de la Cave de Beblenheim.","robots":{"index":"index","follow":"follow","max-snippet":"max-snippet:-1","max-image-preview":"max-image-preview:large","max-video-preview":"max-video-preview:-1"},"canonical":"https:\/\/www.cave-beblenheim.com\/en\/shop\/cremant-d-alsace-rose\/","og_locale":"en_US","og_type":"article","og_title":"Cr\u00e9mant d\u2019Alsace Brut Ros\u00e9  - Cave de Beblenheim","og_description":"D\u00e9couvrez le Cr\u00e9mant d\u2019Alsace Brut Ros\u00e9 disponible au meilleur prix sur la boutique en ligne de la Cave de Beblenheim.","og_url":"https:\/\/www.cave-beblenheim.com\/en\/shop\/cremant-d-alsace-rose\/","og_site_name":"Cave de Beblenheim","article_modified_time":"2022-06-28T15:40:41+00:00","og_image":[{"width":600,"height":600,"url":"https:\/\/www.cave-beblenheim.com\/wp-content\/uploads\/2022\/03\/BE-Maquette-Caveau-Cremants-Essentiels-Rose-Brut.png","type":"image\/png"}],"twitter_card":"summary_large_image","schema":{"@context":"https:\/\/schema.org","@graph":[{"@type":"WebPage","@id":"https:\/\/www.cave-beblenheim.com\/en\/shop\/cremant-d-alsace-rose\/","url":"https:\/\/www.cave-beblenheim.com\/en\/shop\/cremant-d-alsace-rose\/","name":"Cr\u00e9mant d\u2019Alsace Brut Ros\u00e9 - Cave de Beblenheim","isPartOf":{"@id":"https:\/\/www.cave-beblenheim.com\/en\/#website"},"primaryImageOfPage":{"@id":"https:\/\/www.cave-beblenheim.com\/en\/shop\/cremant-d-alsace-rose\/#primaryimage"},"image":{"@id":"https:\/\/www.cave-beblenheim.com\/en\/shop\/cremant-d-alsace-rose\/#primaryimage"},"thumbnailUrl":"https:\/\/www.cave-beblenheim.com\/wp-content\/uploads\/2022\/03\/BE-Maquette-Caveau-Cremants-Essentiels-Rose-Brut.png","datePublished":"2022-03-08T13:50:04+00:00","dateModified":"2022-06-28T15:40:41+00:00","description":"D\u00e9couvrez le Cr\u00e9mant d\u2019Alsace Brut Ros\u00e9 disponible au meilleur prix sur la boutique en ligne de la Cave de Beblenheim.","breadcrumb":{"@id":"https:\/\/www.cave-beblenheim.com\/en\/shop\/cremant-d-alsace-rose\/#breadcrumb"},"inLanguage":"en-US","potentialAction":[{"@type":"ReadAction","target":["https:\/\/www.cave-beblenheim.com\/en\/shop\/cremant-d-alsace-rose\/"]}]},{"@type":"ImageObject","inLanguage":"en-US","@id":"https:\/\/www.cave-beblenheim.com\/en\/shop\/cremant-d-alsace-rose\/#primaryimage","url":"https:\/\/www.cave-beblenheim.com\/wp-content\/uploads\/2022\/03\/BE-Maquette-Caveau-Cremants-Essentiels-Rose-Brut.png","contentUrl":"https:\/\/www.cave-beblenheim.com\/wp-content\/uploads\/2022\/03\/BE-Maquette-Caveau-Cremants-Essentiels-Rose-Brut.png","width":600,"height":600,"caption":"Cr\u00e9mant Ros\u00e9 Brut - Cave de Beblenheim"},{"@type":"BreadcrumbList","@id":"https:\/\/www.cave-beblenheim.com\/en\/shop\/cremant-d-alsace-rose\/#breadcrumb","itemListElement":[{"@type":"ListItem","position":1,"name":"Accueil","item":"https:\/\/www.cave-beblenheim.com\/en\/"},{"@type":"ListItem","position":2,"name":"Shop","item":"https:\/\/www.cave-beblenheim.com\/en\/shop\/"},{"@type":"ListItem","position":3,"name":"Cr\u00e9mant d\u2019Alsace Brut Ros\u00e9"}]},{"@type":"WebSite","@id":"https:\/\/www.cave-beblenheim.com\/en\/#website","url":"https:\/\/www.cave-beblenheim.com\/en\/","name":"Cave de Beblenheim","description":"","publisher":{"@id":"https:\/\/www.cave-beblenheim.com\/en\/#organization"},"potentialAction":[{"@type":"SearchAction","target":{"@type":"EntryPoint","urlTemplate":"https:\/\/www.cave-beblenheim.com\/en\/?s={search_term_string}"},"query-input":{"@type":"PropertyValueSpecification","valueRequired":true,"valueName":"search_term_string"}}],"inLanguage":"en-US"},{"@type":"Organization","@id":"https:\/\/www.cave-beblenheim.com\/en\/#organization","name":"Cave de Beblenheim","url":"https:\/\/www.cave-beblenheim.com\/en\/","logo":{"@type":"ImageObject","inLanguage":"en-US","@id":"https:\/\/www.cave-beblenheim.com\/en\/#\/schema\/logo\/image\/","url":"https:\/\/www.cave-beblenheim.com\/wp-content\/uploads\/2022\/06\/BE-Logos-MAIL-.png","contentUrl":"https:\/\/www.cave-beblenheim.com\/wp-content\/uploads\/2022\/06\/BE-Logos-MAIL-.png","width":600,"height":300,"caption":"Cave de Beblenheim"},"image":{"@id":"https:\/\/www.cave-beblenheim.com\/en\/#\/schema\/logo\/image\/"}}]}},"_links":{"self":[{"href":"https:\/\/www.cave-beblenheim.com\/en\/wp-json\/wp\/v2\/product\/2274","targetHints":{"allow":["GET"]}}],"collection":[{"href":"https:\/\/www.cave-beblenheim.com\/en\/wp-json\/wp\/v2\/product"}],"about":[{"href":"https:\/\/www.cave-beblenheim.com\/en\/wp-json\/wp\/v2\/types\/product"}],"wp:featuredmedia":[{"embeddable":true,"href":"https:\/\/www.cave-beblenheim.com\/en\/wp-json\/wp\/v2\/media\/2612"}],"wp:attachment":[{"href":"https:\/\/www.cave-beblenheim.com\/en\/wp-json\/wp\/v2\/media?parent=2274"}],"wp:term":[{"taxonomy":"product_brand","embeddable":true,"href":"https:\/\/www.cave-beblenheim.com\/en\/wp-json\/wp\/v2\/product_brand?post=2274"},{"taxonomy":"product_cat","embeddable":true,"href":"https:\/\/www.cave-beblenheim.com\/en\/wp-json\/wp\/v2\/product_cat?post=2274"},{"taxonomy":"product_tag","embeddable":true,"href":"https:\/\/www.cave-beblenheim.com\/en\/wp-json\/wp\/v2\/product_tag?post=2274"}],"curies":[{"name":"wp","href":"https:\/\/api.w.org\/{rel}","templated":true}]}}